{"id":1489,"date":"2025-09-22T10:04:35","date_gmt":"2025-09-22T08:04:35","guid":{"rendered":"https:\/\/ais-charleroi.be\/applications\/renewal-application\/"},"modified":"2026-01-15T13:56:44","modified_gmt":"2026-01-15T12:56:44","slug":"renewal-application","status":"publish","type":"page","link":"https:\/\/ais-charleroi.be\/en\/applications\/renewal-application\/","title":{"rendered":"Renewal application"},"content":{"rendered":"\n<div class=\"wp-block-group register-steps-numbers-container is-layout-constrained wp-container-core-group-is-layout-f6554d9c wp-block-group-is-layout-constrained\" style=\"margin-bottom:64px\"><\/div>\n\n\n\n<div class=\"wp-block-group form-steps-container is-layout-constrained wp-container-core-group-is-layout-89df4e79 wp-block-group-is-layout-constrained\">\n<div class=\"wp-block-fidelo-fd-form fd_form_wrapper\" data-type=\"fd_block\"><div class=\"container\"><form method=\"POST\" action=\"#\" data-action=\"candidature-form\" data-redirect=\"674\"><input type=\"hidden\" name=\"action\" value=\"candidature-form\"\/><input type=\"hidden\" name=\"formID\"\/><input type=\"hidden\" name=\"postID\" value=\"1489\"\/><input type=\"hidden\" name=\"staff_template\" value=\"619\"\/><input type=\"hidden\" name=\"customer_template\" value=\"620\"\/>\n<div class=\"wp-block-group form-step  active is-layout-constrained wp-block-group-is-layout-constrained\">\n<h2 class=\"wp-block-heading\"><strong>General information<\/strong><\/h2>\n\n\n\n<div class=\"wp-block-group is-nowrap is-layout-flex wp-container-core-group-is-layout-55e49cef wp-block-group-is-layout-flex\" style=\"margin-bottom:32px\">\n<p class=\"has-primary-color has-text-color has-link-color wp-elements-df48f654679f22b1828e3665973d877f\">*<\/p>\n\n\n\n<p>Required fields<\/p>\n<\/div>\n\n\n\n<fieldset data-type=\"fd_block\" class=\"wp-block-fidelo-fd-form-fieldset fd_form_fieldset\" data-columns=\"1\" data-fieldset-name=\"\" style=\"display: grid; grid-template-columns: 1fr;\">\n<div data-type=\"fd_item\" class=\"wp-block-fidelo-fd-form-field fd_form_field\" data-field=\"input.text\" data-accept=\"\" data-required=\"true\" data-attributes=\"default\"><label class=\"labelTop\" for=\"folder-number\" id=\"folder-number-label\"><span class=\"label-text\">File number<\/span> <span class=\"label-required-star\">*<\/span> <\/label><span class=\"empty-error-message-data\" id=\"folder-number-empty-error\" role=\"alert\" aria-live=\"polite\" style=\"display:none\"><span><\/span><\/span><div class=\"field field-input\"><input type=\"text\" id=\"folder-number\" name=\"folder-number\" value=\"\" placeholder=\"File number\" required\/><\/div><\/div>\n\n\n\n<div data-type=\"fd_item\" class=\"wp-block-fidelo-fd-form-field fd_form_field reactivation-date-input-container\" data-field=\"input.date\" data-accept=\"\" data-required=\"true\" data-attributes=\"default\"><label class=\"labelTop\" for=\"folder-reactivation-date\" id=\"folder-reactivation-date-label\"><span class=\"label-text\">Date of reactivation of your file<\/span> <span class=\"label-required-star\">*<\/span> <\/label><span class=\"empty-error-message-data\" id=\"folder-reactivation-date-empty-error\" role=\"alert\" aria-live=\"polite\" style=\"display:none\"><span><\/span><\/span><div class=\"field field-input\"><input type=\"text\" id=\"folder-reactivation-date\" name=\"folder-reactivation-date\" placeholder=\"Date of reactivation of your file\" value=\"\" required class=\"date-input\" maxlength=\"10\" inputmode=\"numeric\"\/><\/div><\/div>\n<\/fieldset>\n\n\n\n<fieldset data-type=\"fd_block\" class=\"wp-block-fidelo-fd-form-fieldset fd_form_fieldset\" data-columns=\"2\" data-fieldset-name=\"\" style=\"display: grid; grid-template-columns: 1fr 1fr;\">\n<div data-type=\"fd_item\" class=\"wp-block-fidelo-fd-form-field fd_form_field\" data-field=\"name\" data-accept=\"\" data-required=\"true\" data-attributes=\"default\"><label class=\"labelTop\" for=\"name\" id=\"name-label\"><span class=\"label-text\">Your last name<\/span> <span class=\"label-required-star\">*<\/span> <\/label><span class=\"empty-error-message-data\" id=\"name-empty-error\" role=\"alert\" aria-live=\"polite\" style=\"display:none\"><span><\/span><\/span><div class=\"field field-input field-name\"><input type=\"text\" id=\"name\" name=\"name\" value=\"\" placeholder=\"Name\" required\/><\/div><\/div>\n\n\n\n<div data-type=\"fd_item\" class=\"wp-block-fidelo-fd-form-field fd_form_field\" data-field=\"firstname\" data-accept=\"\" data-required=\"true\" data-attributes=\"default\"><label class=\"labelTop\" for=\"firstname\" id=\"firstname-label\"><span class=\"label-text\">Your first name<\/span> <span class=\"label-required-star\">*<\/span> <\/label><span class=\"empty-error-message-data\" id=\"firstname-empty-error\" role=\"alert\" aria-live=\"polite\" style=\"display:none\"><span><\/span><\/span><div class=\"field field-input field-firstname\"><input type=\"text\" id=\"firstname\" name=\"firstname\" value=\"\" placeholder=\"Firstname\" required\/><\/div><\/div>\n\n\n\n<div data-type=\"fd_item\" class=\"wp-block-fidelo-fd-form-field fd_form_field\" data-field=\"mail\" data-accept=\"\" data-required=\"true\" data-attributes=\"default\"><label class=\"labelTop\" for=\"email\" id=\"email-label\"><span class=\"label-text\">Your e-mail address<\/span> <span class=\"label-required-star\">*<\/span> <\/label><span class=\"empty-error-message-data\" id=\"email-empty-error\" role=\"alert\" aria-live=\"polite\" style=\"display:none\"><span><\/span><\/span><div class=\"field field-input field-email\"><input type=\"email\" id=\"email\" name=\"email\" placeholder=\"Email address\" value=\"\" required\/><\/div><\/div>\n\n\n\n<div data-type=\"fd_item\" class=\"wp-block-fidelo-fd-form-field fd_form_field\" data-field=\"tel\" data-accept=\"\" data-required=\"true\" data-attributes=\"default\"><label class=\"labelTop\" for=\"phone\" id=\"phone-label\"><span class=\"label-text\">Your telephone number<\/span> <span class=\"label-required-star\">*<\/span> <\/label><span class=\"empty-error-message-data\" id=\"phone-empty-error\" role=\"alert\" aria-live=\"polite\" style=\"display:none\"><span><\/span><\/span><div class=\"field field-input field-phone\"><input type=\"tel\" id=\"phone\" name=\"phone\" placeholder=\"Phone\" value=\"\" required pattern=\"[\\d+]+\"\/><\/div><\/div>\n<\/fieldset>\n\n\n\n<h3 class=\"wp-block-heading\" style=\"margin-top:40px;margin-bottom:16px\"><strong>Mailing address<\/strong><\/h3>\n\n\n\n<fieldset data-type=\"fd_block\" class=\"wp-block-fidelo-fd-form-fieldset fd_form_fieldset\" data-columns=\"2\" data-fieldset-name=\"\" style=\"display: grid; grid-template-columns: 2fr 1fr;\">\n<div data-type=\"fd_item\" class=\"wp-block-fidelo-fd-form-field fd_form_field\" data-field=\"input.text\" data-accept=\"\" data-required=\"true\" data-attributes=\"default\"><label class=\"labelTop\" for=\"street\" id=\"street-label\"><span class=\"label-text\">Street<\/span> <span class=\"label-required-star\">*<\/span> <\/label><span class=\"empty-error-message-data\" id=\"street-empty-error\" role=\"alert\" aria-live=\"polite\" style=\"display:none\"><span><\/span><\/span><div class=\"field field-input\"><input type=\"text\" id=\"street\" name=\"street\" value=\"\" placeholder=\"Street\" required\/><\/div><\/div>\n\n\n\n<div data-type=\"fd_item\" class=\"wp-block-fidelo-fd-form-field fd_form_field\" data-field=\"input.text\" data-accept=\"\" data-required=\"true\" data-attributes=\"default\"><label class=\"labelTop\" for=\"house-number\" id=\"house-number-label\"><span class=\"label-text\">Number<\/span> <span class=\"label-required-star\">*<\/span> <\/label><span class=\"empty-error-message-data\" id=\"house-number-empty-error\" role=\"alert\" aria-live=\"polite\" style=\"display:none\"><span><\/span><\/span><div class=\"field field-input\"><input type=\"text\" id=\"house-number\" name=\"house-number\" value=\"\" placeholder=\"Number\" required\/><\/div><\/div>\n<\/fieldset>\n\n\n\n<fieldset data-type=\"fd_block\" class=\"wp-block-fidelo-fd-form-fieldset fd_form_fieldset\" data-columns=\"2\" data-fieldset-name=\"\" style=\"display: grid; grid-template-columns: 1fr 1fr;\">\n<div data-type=\"fd_item\" class=\"wp-block-fidelo-fd-form-field fd_form_field\" data-field=\"input.text\" data-accept=\"\" data-required=\"true\" data-attributes=\"default\"><label class=\"labelTop\" for=\"zip-code\" id=\"zip-code-label\"><span class=\"label-text\">Postal code<\/span> <span class=\"label-required-star\">*<\/span> <\/label><span class=\"empty-error-message-data\" id=\"zip-code-empty-error\" role=\"alert\" aria-live=\"polite\" style=\"display:none\"><span><\/span><\/span><div class=\"field field-input\"><input type=\"text\" id=\"zip-code\" name=\"zip-code\" value=\"\" placeholder=\"Postal code\" required\/><\/div><\/div>\n\n\n\n<div data-type=\"fd_item\" class=\"wp-block-fidelo-fd-form-field fd_form_field\" data-field=\"input.text\" data-accept=\"\" data-required=\"true\" data-attributes=\"default\"><label class=\"labelTop\" for=\"city\" id=\"city-label\"><span class=\"label-text\">City<\/span> <span class=\"label-required-star\">*<\/span> <\/label><span class=\"empty-error-message-data\" id=\"city-empty-error\" role=\"alert\" aria-live=\"polite\" style=\"display:none\"><span><\/span><\/span><div class=\"field field-input\"><input type=\"text\" id=\"city\" name=\"city\" value=\"\" placeholder=\"City\" required\/><\/div><\/div>\n<\/fieldset>\n\n\n\n<div class=\"wp-block-buttons is-layout-flex wp-block-buttons-is-layout-flex\">\n<div class=\"wp-block-button-wrapper\"><div class=\"wp-block-button form-continue-btn\"><a class=\"wp-block-button__link wp-element-button\">Save and continue<\/a><\/div><\/div>\n\n\n\n<div class=\"wp-block-button-wrapper is-style-outline--1\"><div class=\"wp-block-button is-style-outline\"><a class=\"wp-block-button__link wp-element-button\" href=\"https:\/\/ais-charleroi.be\/en\/applications\/\">Cancel<\/a><\/div><\/div>\n<\/div>\n<\/div>\n\n\n\n<div class=\"wp-block-group form-step files-step is-layout-constrained wp-block-group-is-layout-constrained\">\n<h3 class=\"wp-block-heading\"><strong>Required documents<\/strong><\/h3>\n\n\n\n<div class=\"wp-block-group is-nowrap is-layout-flex wp-container-core-group-is-layout-42cabd08 wp-block-group-is-layout-flex\" style=\"margin-top:32px;margin-bottom:32px\">\n<p class=\"has-primary-color has-text-color has-link-color wp-elements-df48f654679f22b1828e3665973d877f\">*<\/p>\n\n\n\n<p>Required fields<\/p>\n<\/div>\n\n\n\n<fieldset data-type=\"fd_block\" class=\"wp-block-fidelo-fd-form-fieldset fd_form_fieldset\" data-columns=\"1\" data-fieldset-name=\"\" style=\"display: grid; grid-template-columns: 1fr;\">\n<div class=\"wp-block-group input-file-dropzone-container is-layout-constrained wp-block-group-is-layout-constrained\">\n<div data-type=\"fd_item\" class=\"wp-block-fidelo-fd-form-field fd_form_field\" data-field=\"input.file\" data-accept=\".txt, .docx, .doc, .ppt, .pdf, .jpg, .jpeg, .png\" data-required=\"true\" data-attributes=\"default\"><label class=\"labelTop\" for=\"file-composition-menage\" id=\"file-composition-menage-label\"><span class=\"label-text\">Household composition<\/span> <span class=\"label-required-star\">*<\/span> <\/label><span class=\"empty-error-message-data\" id=\"file-composition-menage-empty-error\" role=\"alert\" aria-live=\"polite\" style=\"display:none\"><span><\/span><\/span><div class=\"field field-input\"><input type=\"file\" id=\"file-composition-menage\" name=\"file-composition-menage\" required accept=\".txt, .docx, .doc, .ppt, .pdf, .jpg, .jpeg, .png\"\/><\/div><\/div>\n\n\n\n<div class=\"wp-block-group input-file-dropzone is-vertical is-content-justification-center is-nowrap is-layout-flex wp-container-core-group-is-layout-8e843744 wp-block-group-is-layout-flex\">\n<div class=\"wp-block-fidelo-icon-picker fd_iconpicker_el\" data-width=\"24\" data-color=\"transparent\" data-type=\"fd_item\" data-rotation=\"0\" style=\"background-color:transparent\"><div class=\"icon-wrapper icon-file-input\" style=\"width:24px; min-width:24px\"><svg xmlns=\"http:\/\/www.w3.org\/2000\/svg\" width=\"25\" height=\"25\" viewBox=\"0 0 25 25\" fill=\"none\">\n  <path d=\"M14.5 2.5L20.5 8.5V20.5C20.5 21.0304 20.2893 21.5391 19.9142 21.9142C19.5391 22.2893 19.0304 22.5 18.5 22.5H6.5C5.96957 22.5 5.46086 22.2893 5.08579 21.9142C4.71071 21.5391 4.5 21.0304 4.5 20.5V4.5C4.5 3.96957 4.71071 3.46086 5.08579 3.08579C5.46086 2.71071 5.96957 2.5 6.5 2.5H14.5ZM18.5 20.5V9.5H13.5V4.5H6.5V20.5H18.5ZM12.5 12.5L16.5 16.5H14V19.5H11V16.5H8.5L12.5 12.5Z\" fill=\"black\"><\/path>\n<\/svg><\/div><\/div>\n\n\n\n<p class=\"has-text-align-center has-text-color has-link-color wp-elements-77059985271f7877ccc95882b3832cd5\" style=\"color:#0000008c\">Veuillez t\u00e9l\u00e9verser votre composition de m\u00e9nage dans ce champ. Limit\u00e9 \u00e0 10 Mo. Types autoris\u00e9s : txt docx doc ppt pdf jpg jpeg png.  <\/p>\n<\/div>\n<\/div>\n\n\n\n<div class=\"wp-block-group input-file-dropzone-container is-layout-constrained wp-block-group-is-layout-constrained\">\n<div data-type=\"fd_item\" class=\"wp-block-fidelo-fd-form-field fd_form_field\" data-field=\"input.file\" data-accept=\".txt, .docx, .doc, .ppt, .pdf, .jpg, .jpeg, .png\" data-required=\"true\" data-attributes=\"default\"><label class=\"labelTop\" for=\"file-revenus\" id=\"file-revenus-label\"><span class=\"label-text\">Proof of income<\/span> <span class=\"label-required-star\">*<\/span> <\/label><span class=\"empty-error-message-data\" id=\"file-revenus-empty-error\" role=\"alert\" aria-live=\"polite\" style=\"display:none\"><span><\/span><\/span><div class=\"field field-input\"><input type=\"file\" id=\"file-revenus\" name=\"file-revenus\" required accept=\".txt, .docx, .doc, .ppt, .pdf, .jpg, .jpeg, .png\"\/><\/div><\/div>\n\n\n\n<div class=\"wp-block-group input-file-dropzone is-vertical is-content-justification-center is-nowrap is-layout-flex wp-container-core-group-is-layout-8e843744 wp-block-group-is-layout-flex\">\n<div class=\"wp-block-fidelo-icon-picker fd_iconpicker_el\" data-width=\"24\" data-color=\"transparent\" data-type=\"fd_item\" data-rotation=\"0\" style=\"background-color:transparent\"><div class=\"icon-wrapper icon-file-input\" style=\"width:24px; min-width:24px\"><svg xmlns=\"http:\/\/www.w3.org\/2000\/svg\" width=\"25\" height=\"25\" viewBox=\"0 0 25 25\" fill=\"none\">\n  <path d=\"M14.5 2.5L20.5 8.5V20.5C20.5 21.0304 20.2893 21.5391 19.9142 21.9142C19.5391 22.2893 19.0304 22.5 18.5 22.5H6.5C5.96957 22.5 5.46086 22.2893 5.08579 21.9142C4.71071 21.5391 4.5 21.0304 4.5 20.5V4.5C4.5 3.96957 4.71071 3.46086 5.08579 3.08579C5.46086 2.71071 5.96957 2.5 6.5 2.5H14.5ZM18.5 20.5V9.5H13.5V4.5H6.5V20.5H18.5ZM12.5 12.5L16.5 16.5H14V19.5H11V16.5H8.5L12.5 12.5Z\" fill=\"black\"><\/path>\n<\/svg><\/div><\/div>\n\n\n\n<p class=\"has-text-align-center has-text-color has-link-color wp-elements-d73845bf6fda5cbf6d2897691f0c0232\" style=\"color:#0000008c\">Veuillez t\u00e9l\u00e9verser votre preuve de revenus dans ce champ. Limit\u00e9 \u00e0 10 Mo. Types autoris\u00e9s : txt docx doc ppt pdf jpg jpeg png.  <\/p>\n<\/div>\n<\/div>\n\n\n\n<div class=\"wp-block-group input-file-dropzone-container is-layout-constrained wp-block-group-is-layout-constrained\">\n<div data-type=\"fd_item\" class=\"wp-block-fidelo-fd-form-field fd_form_field\" data-field=\"input.file\" data-accept=\".txt, .docx, .doc, .ppt, .pdf, .jpg, .jpeg, .png\" data-required=\"true\" data-attributes=\"default\"><label class=\"labelTop\" for=\"file-allocation-proof\" id=\"file-allocation-proof-label\"><span class=\"label-text\">Proof and amounts of family allowances and alimony<\/span> <span class=\"label-required-star\">*<\/span> <\/label><span class=\"empty-error-message-data\" id=\"file-allocation-proof-empty-error\" role=\"alert\" aria-live=\"polite\" style=\"display:none\"><span><\/span><\/span><div class=\"field field-input\"><input type=\"file\" id=\"file-allocation-proof\" name=\"file-allocation-proof\" required accept=\".txt, .docx, .doc, .ppt, .pdf, .jpg, .jpeg, .png\"\/><\/div><\/div>\n\n\n\n<div class=\"wp-block-group input-file-dropzone is-vertical is-content-justification-center is-nowrap is-layout-flex wp-container-core-group-is-layout-8e843744 wp-block-group-is-layout-flex\">\n<div class=\"wp-block-fidelo-icon-picker fd_iconpicker_el\" data-width=\"24\" data-color=\"transparent\" data-type=\"fd_item\" data-rotation=\"0\" style=\"background-color:transparent\"><div class=\"icon-wrapper icon-file-input\" style=\"width:24px; min-width:24px\"><svg xmlns=\"http:\/\/www.w3.org\/2000\/svg\" width=\"25\" height=\"25\" viewBox=\"0 0 25 25\" fill=\"none\">\n  <path d=\"M14.5 2.5L20.5 8.5V20.5C20.5 21.0304 20.2893 21.5391 19.9142 21.9142C19.5391 22.2893 19.0304 22.5 18.5 22.5H6.5C5.96957 22.5 5.46086 22.2893 5.08579 21.9142C4.71071 21.5391 4.5 21.0304 4.5 20.5V4.5C4.5 3.96957 4.71071 3.46086 5.08579 3.08579C5.46086 2.71071 5.96957 2.5 6.5 2.5H14.5ZM18.5 20.5V9.5H13.5V4.5H6.5V20.5H18.5ZM12.5 12.5L16.5 16.5H14V19.5H11V16.5H8.5L12.5 12.5Z\" fill=\"black\"><\/path>\n<\/svg><\/div><\/div>\n\n\n\n<p class=\"has-text-align-center has-text-color has-link-color wp-elements-5c1b9ac9ea403e502111b90da060266e\" style=\"color:#0000008c\">Veuillez t\u00e9l\u00e9verser votre preuve et montants des allocations familiales et de la pension alimentaire dans ce champ. Limit\u00e9 \u00e0 10 Mo. \u2028Types autoris\u00e9s : txt docx doc ppt pdf jpg jpeg png.  <\/p>\n<\/div>\n<\/div>\n<\/fieldset>\n<\/div>\n\n\n\n<div class=\"wp-block-group fd_form_submit_container is-layout-flex wp-block-group-is-layout-flex\">\n<div data-type=\"fd_item\" class=\"wp-block-fidelo-fd-form-submit fd_form_submit\" data-captcha=\"true\"><div class=\"submit-box\"><div class=\"loader\"><\/div><span><span class=\"required-indicator\">*<\/span><span class=\"required-fields-text\"><\/span><\/span><button class=\"fd-form-submit-button\"><span>Send form<\/span><\/button><\/div><\/div>\n\n\n\n<div class=\"wp-block-buttons is-layout-flex wp-block-buttons-is-layout-flex\">\n<div class=\"wp-block-button-wrapper is-style-outline--2\"><div class=\"wp-block-button is-style-outline form-back-btn\"><a class=\"wp-block-button__link wp-element-button\">Back to the previous step<\/a><\/div><\/div>\n<\/div>\n<\/div>\n<\/form><\/div><\/div>\n<\/div>\n","protected":false},"excerpt":{"rendered":"","protected":false},"author":1,"featured_media":0,"parent":874,"menu_order":0,"comment_status":"closed","ping_status":"closed","template":"","meta":{"footnotes":""},"class_list":["post-1489","page","type-page","status-publish","hentry"],"yoast_head":"<!-- This site is optimized with the Yoast SEO plugin v27.4 - https:\/\/yoast.com\/product\/yoast-seo-wordpress\/ -->\n<title>Renewal application - AIS Charleroi-Logement<\/title>\n<meta name=\"robots\" content=\"index, follow, max-snippet:-1, max-image-preview:large, max-video-preview:-1\" \/>\n<link rel=\"canonical\" href=\"https:\/\/ais-charleroi.be\/en\/applications\/renewal-application\/\" \/>\n<meta property=\"og:locale\" content=\"en_US\" \/>\n<meta property=\"og:type\" content=\"article\" \/>\n<meta property=\"og:title\" content=\"Renewal application - AIS Charleroi-Logement\" \/>\n<meta property=\"og:url\" content=\"https:\/\/ais-charleroi.be\/en\/applications\/renewal-application\/\" \/>\n<meta property=\"og:site_name\" content=\"AIS Charleroi-Logement\" \/>\n<meta property=\"article:modified_time\" content=\"2026-01-15T12:56:44+00:00\" \/>\n<meta name=\"twitter:card\" content=\"summary_large_image\" \/>\n<meta name=\"twitter:label1\" content=\"Est. reading time\" \/>\n\t<meta name=\"twitter:data1\" content=\"1 minute\" \/>\n<script type=\"application\/ld+json\" class=\"yoast-schema-graph\">{\"@context\":\"https:\\\/\\\/schema.org\",\"@graph\":[{\"@type\":\"WebPage\",\"@id\":\"https:\\\/\\\/ais-charleroi.be\\\/en\\\/applications\\\/renewal-application\\\/\",\"url\":\"https:\\\/\\\/ais-charleroi.be\\\/en\\\/applications\\\/renewal-application\\\/\",\"name\":\"Renewal application - AIS Charleroi-Logement\",\"isPartOf\":{\"@id\":\"https:\\\/\\\/ais-charleroi.be\\\/en\\\/#website\"},\"datePublished\":\"2025-09-22T08:04:35+00:00\",\"dateModified\":\"2026-01-15T12:56:44+00:00\",\"breadcrumb\":{\"@id\":\"https:\\\/\\\/ais-charleroi.be\\\/en\\\/applications\\\/renewal-application\\\/#breadcrumb\"},\"inLanguage\":\"en-US\",\"potentialAction\":[{\"@type\":\"ReadAction\",\"target\":[\"https:\\\/\\\/ais-charleroi.be\\\/en\\\/applications\\\/renewal-application\\\/\"]}]},{\"@type\":\"BreadcrumbList\",\"@id\":\"https:\\\/\\\/ais-charleroi.be\\\/en\\\/applications\\\/renewal-application\\\/#breadcrumb\",\"itemListElement\":[{\"@type\":\"ListItem\",\"position\":1,\"name\":\"Accueil\",\"item\":\"https:\\\/\\\/ais-charleroi.be\\\/en\\\/\"},{\"@type\":\"ListItem\",\"position\":2,\"name\":\"Applications\",\"item\":\"https:\\\/\\\/ais-charleroi.be\\\/en\\\/candidatures\\\/\"},{\"@type\":\"ListItem\",\"position\":3,\"name\":\"Renewal application\"}]},{\"@type\":\"WebSite\",\"@id\":\"https:\\\/\\\/ais-charleroi.be\\\/en\\\/#website\",\"url\":\"https:\\\/\\\/ais-charleroi.be\\\/en\\\/\",\"name\":\"AIS Charleroi-Logement\",\"description\":\"\",\"potentialAction\":[{\"@type\":\"SearchAction\",\"target\":{\"@type\":\"EntryPoint\",\"urlTemplate\":\"https:\\\/\\\/ais-charleroi.be\\\/en\\\/?s={search_term_string}\"},\"query-input\":{\"@type\":\"PropertyValueSpecification\",\"valueRequired\":true,\"valueName\":\"search_term_string\"}}],\"inLanguage\":\"en-US\"}]}<\/script>\n<!-- \/ Yoast SEO plugin. -->","yoast_head_json":{"title":"Renewal application - AIS Charleroi-Logement","robots":{"index":"index","follow":"follow","max-snippet":"max-snippet:-1","max-image-preview":"max-image-preview:large","max-video-preview":"max-video-preview:-1"},"canonical":"https:\/\/ais-charleroi.be\/en\/applications\/renewal-application\/","og_locale":"en_US","og_type":"article","og_title":"Renewal application - AIS Charleroi-Logement","og_url":"https:\/\/ais-charleroi.be\/en\/applications\/renewal-application\/","og_site_name":"AIS Charleroi-Logement","article_modified_time":"2026-01-15T12:56:44+00:00","twitter_card":"summary_large_image","twitter_misc":{"Est. reading time":"1 minute"},"schema":{"@context":"https:\/\/schema.org","@graph":[{"@type":"WebPage","@id":"https:\/\/ais-charleroi.be\/en\/applications\/renewal-application\/","url":"https:\/\/ais-charleroi.be\/en\/applications\/renewal-application\/","name":"Renewal application - AIS Charleroi-Logement","isPartOf":{"@id":"https:\/\/ais-charleroi.be\/en\/#website"},"datePublished":"2025-09-22T08:04:35+00:00","dateModified":"2026-01-15T12:56:44+00:00","breadcrumb":{"@id":"https:\/\/ais-charleroi.be\/en\/applications\/renewal-application\/#breadcrumb"},"inLanguage":"en-US","potentialAction":[{"@type":"ReadAction","target":["https:\/\/ais-charleroi.be\/en\/applications\/renewal-application\/"]}]},{"@type":"BreadcrumbList","@id":"https:\/\/ais-charleroi.be\/en\/applications\/renewal-application\/#breadcrumb","itemListElement":[{"@type":"ListItem","position":1,"name":"Accueil","item":"https:\/\/ais-charleroi.be\/en\/"},{"@type":"ListItem","position":2,"name":"Applications","item":"https:\/\/ais-charleroi.be\/en\/candidatures\/"},{"@type":"ListItem","position":3,"name":"Renewal application"}]},{"@type":"WebSite","@id":"https:\/\/ais-charleroi.be\/en\/#website","url":"https:\/\/ais-charleroi.be\/en\/","name":"AIS Charleroi-Logement","description":"","potentialAction":[{"@type":"SearchAction","target":{"@type":"EntryPoint","urlTemplate":"https:\/\/ais-charleroi.be\/en\/?s={search_term_string}"},"query-input":{"@type":"PropertyValueSpecification","valueRequired":true,"valueName":"search_term_string"}}],"inLanguage":"en-US"}]}},"_links":{"self":[{"href":"https:\/\/ais-charleroi.be\/en\/wp-json\/wp\/v2\/pages\/1489","targetHints":{"allow":["GET"]}}],"collection":[{"href":"https:\/\/ais-charleroi.be\/en\/wp-json\/wp\/v2\/pages"}],"about":[{"href":"https:\/\/ais-charleroi.be\/en\/wp-json\/wp\/v2\/types\/page"}],"author":[{"embeddable":true,"href":"https:\/\/ais-charleroi.be\/en\/wp-json\/wp\/v2\/users\/1"}],"replies":[{"embeddable":true,"href":"https:\/\/ais-charleroi.be\/en\/wp-json\/wp\/v2\/comments?post=1489"}],"version-history":[{"count":4,"href":"https:\/\/ais-charleroi.be\/en\/wp-json\/wp\/v2\/pages\/1489\/revisions"}],"predecessor-version":[{"id":1520,"href":"https:\/\/ais-charleroi.be\/en\/wp-json\/wp\/v2\/pages\/1489\/revisions\/1520"}],"up":[{"embeddable":true,"href":"https:\/\/ais-charleroi.be\/en\/wp-json\/wp\/v2\/pages\/874"}],"wp:attachment":[{"href":"https:\/\/ais-charleroi.be\/en\/wp-json\/wp\/v2\/media?parent=1489"}],"curies":[{"name":"wp","href":"https:\/\/api.w.org\/{rel}","templated":true}]}}